{"id":219,"date":"2017-03-23T12:20:19","date_gmt":"2017-03-23T11:20:19","guid":{"rendered":"https:\/\/corporate.universitybox.com\/?page_id=219"},"modified":"2017-07-04T12:03:22","modified_gmt":"2017-07-04T10:03:22","slug":"out-of-home","status":"publish","type":"page","link":"https:\/\/corporate.universitybox.com\/en\/our-expertise\/i-nostri-mezzi\/out-of-home\/","title":{"rendered":"Out of home"},"content":{"rendered":"<p>[vc_row full_width=&#8221;stretch_row_content_no_spaces&#8221; content_placement=&#8221;middle&#8221; parallax_content=&#8221;off&#8221; fadeout_row=&#8221;off&#8221; enable_overlay=&#8221;off&#8221; seperator_enable=&#8221;off&#8221; ult_hide_row=&#8221;off&#8221; el_class=&#8221;home-prima-riga&#8221;][vc_column][rev_slider_vc alias=&#8221;ooh&#8221;][\/vc_column][\/vc_row][vc_row full_width=&#8221;stretch_row&#8221; bg_type=&#8221;image&#8221; bg_image_new=&#8221;63&#8243; bg_image_repeat=&#8221;no-repeat&#8221; el_class=&#8221;universitybox-titolo&#8221;][vc_column][boc_heading alignment=&#8221;center&#8221; color=&#8221;#333333&#8243; margin_bottom=&#8221;0px&#8221; font_size=&#8221;35px&#8221;]Out Of Home[\/boc_heading][boc_divider divider_color=&#8221;#ff7800&#8243; margin_top=&#8221;30px&#8221; margin_bottom=&#8221;25px&#8221;][vc_raw_js]JTNDc2NyaXB0JTIwdHlwZSUzRCUyMnRleHQlMkZqYXZhc2NyaXB0JTIyJTNFJTBBalF1ZXJ5JTI4ZG9jdW1lbnQlMjkucmVhZHklMjhmdW5jdGlvbiUyOCUyOSU3QiUwQWpRdWVyeSUyOCUyMi51bml2ZXJzaXR5Ym94LXRlc3RvJTIyJTI5Lmluc2VydEFmdGVyJTI4JTIyLnVuaXZlcnNpdHlib3gtdGl0b2xvJTIwLmJvY19kaXZpZGVyX2hvbGRlciUyMiUyOSUzQiUwQWpRdWVyeSUyOCUyMi5yaWdhLWNvdW50ZXIlMjIlMjkuaW5zZXJ0QWZ0ZXIlMjglMjIudW5pdmVyc2l0eWJveC10ZXN0byUyMiUyOSUzQiUwQSU3RCUyOSUzQiUwQSUzQyUyRnNjcmlwdCUzRQ==[\/vc_raw_js][\/vc_column][\/vc_row][vc_row el_class=&#8221;universitybox-testo&#8221;][vc_column css=&#8221;.vc_custom_1499075606710{padding-right: 150px !important;padding-left: 150px !important;}&#8221;][vc_column_text]<\/p>\n<p style=\"text-align: center;\">La prima Out Of Home\u00a0\u201cindoor\u201d all\u2019interno del mondo universitario. I nostri mezzi, suddivisi per ambienti, permettono di ultraprofilare il target anche per percorso di studi e momenti della giornata.<\/p>\n<p style=\"text-align: center;\">+ 10 circuiti tabellari strutturati ed esclusivi rappresentano uno degli strumenti per costruire\u00a0 una strategia efficace ed efficiente.<\/p>\n<p style=\"text-align: center;\">I punti di forza di \u201cOut of Home\u201d: sono la presenza\u00a0di strutture <strong>esclusive<\/strong> posizionate <strong>all\u2019interno<\/strong> delle Universit\u00e0, il <strong>raggiungimento<\/strong> del target studentesco senza dispersioni e la flessibilit\u00e0 dell\u2019utilizzo\u00a0per comunicare a livello nazionale o locale, con focus anche sulle singole facolt\u00e0.<\/p>\n<p>[\/vc_column_text][\/vc_column][\/vc_row][vc_row el_class=&#8221;.riga-counter mezzi&#8221;][vc_column width=&#8221;1\/4&#8243;][boc_counter number=&#8221;32&#8243; smaller_counter=&#8221;yes&#8221; centered=&#8221;yes&#8221;][boc_heading html_element=&#8221;h4&#8243; alignment=&#8221;center&#8221; color=&#8221;#333333&#8243; margin_bottom=&#8221;0px&#8221; font_size=&#8221;18px&#8221;]Atenei[\/boc_heading][\/vc_column][vc_column width=&#8221;1\/4&#8243;][boc_counter number=&#8221;24&#8243; smaller_counter=&#8221;yes&#8221; centered=&#8221;yes&#8221;][boc_heading html_element=&#8221;h4&#8243; alignment=&#8221;center&#8221; color=&#8221;#333333&#8243; margin_bottom=&#8221;0px&#8221; font_size=&#8221;18px&#8221;]Citt\u00e0[\/boc_heading][\/vc_column][vc_column width=&#8221;1\/4&#8243;][boc_counter number=&#8221;14&#8243; smaller_counter=&#8221;yes&#8221; centered=&#8221;yes&#8221;][boc_heading html_element=&#8221;h4&#8243; alignment=&#8221;center&#8221;]Circuiti[\/boc_heading][\/vc_column][vc_column width=&#8221;1\/4&#8243;][boc_counter number=&#8221;1500000&#8243; smaller_counter=&#8221;yes&#8221; centered=&#8221;yes&#8221;][boc_heading html_element=&#8221;h4&#8243; alignment=&#8221;center&#8221; color=&#8221;#333333&#8243; margin_bottom=&#8221;0px&#8221; font_size=&#8221;18px&#8221;]Studenti raggiunti[\/boc_heading][\/vc_column][\/vc_row][vc_row css_animation=&#8221;right-to-left&#8221; el_class=&#8221;sei-box&#8221;][vc_column width=&#8221;1\/12&#8243;][\/vc_column][vc_column width=&#8221;2\/12&#8243;][boc_heading alignment=&#8221;center&#8221; color=&#8221;#333333&#8243; margin_bottom=&#8221;0px&#8221; font_size=&#8221;22px&#8221;]U-Network[\/boc_heading][vc_single_image alignment=&#8221;center&#8221; image=&#8221;912&#8243;][vc_column_text]Dal 2002, esperti di OOH indoor. 24 citt\u00e0, 32 Atenei, +600 postazioni oltre 1.150.000 studenti raggiunti senza dispersione.[\/vc_column_text][\/vc_column][vc_column width=&#8221;2\/12&#8243;][boc_heading alignment=&#8221;center&#8221; color=&#8221;#333333&#8243; margin_bottom=&#8221;0px&#8221; font_size=&#8221;22px&#8221;]U-Break[\/boc_heading][vc_single_image alignment=&#8221;center&#8221; image=&#8221;913&#8243;][vc_column_text]Altissima visibilit\u00e0 per i brand all\u2019interno delle aree di ristorazione universitarie. 11 citt\u00e0, 15 Atenei e 22 Location, per raggiungere oltre 100.000 studenti.[\/vc_column_text][\/vc_column][vc_column width=&#8221;2\/12&#8243;][boc_heading alignment=&#8221;center&#8221; color=&#8221;#333333&#8243; margin_bottom=&#8221;0px&#8221; font_size=&#8221;22px&#8221;]U-Totem[\/boc_heading][vc_single_image alignment=&#8221;center&#8221; image=&#8221;914&#8243;][vc_column_text]Sorprendere all\u2019improvviso. Copriamo 18 citt\u00e0 e 20 Atenei, con una visibilit\u00e0 su oltre 860.000 studenti. Le installazioni, con dispenser per cartoline o leaflets, garantiscono visibilit\u00e0 in\u00a0tutti gli ambienti universitari.[\/vc_column_text][\/vc_column][vc_column width=&#8221;2\/12&#8243;][boc_heading alignment=&#8221;center&#8221; color=&#8221;#333333&#8243; margin_bottom=&#8221;0px&#8221; font_size=&#8221;22px&#8221;]U-Guerrilla[\/boc_heading][vc_single_image alignment=&#8221;center&#8221; image=&#8221;915&#8243;][vc_column_text]Presidio delle bacheche universitarie, da sempre il luogo strategico di comunicazione degli studenti. A4U &amp; Post-U per veicolare brevi messaggi, QR code, URL o pagine Facebook.[\/vc_column_text][\/vc_column][vc_column width=&#8221;2\/12&#8243;][boc_heading alignment=&#8221;center&#8221; color=&#8221;#333333&#8243; margin_bottom=&#8221;0px&#8221; font_size=&#8221;22px&#8221;]U-Domination[\/boc_heading][vc_single_image alignment=&#8221;center&#8221; image=&#8221;962&#8243;][vc_column_text]Una presenza impattante e dominante del brand come nelle stazioni ed aereoporti. Ideale per lanci di prodotti e per sorprendere nelle ricorrenze speciali come Halloween e San Valentino, \u2026[\/vc_column_text][\/vc_column][vc_column width=&#8221;1\/12&#8243;][\/vc_column][\/vc_row][vc_row full_width=&#8221;stretch_row_content&#8221; css_animation=&#8221;left-to-right&#8221; el_class=&#8221;home-lavori&#8221;][vc_column][boc_heading alignment=&#8221;center&#8221; color=&#8221;#333333&#8243; margin_bottom=&#8221;0px&#8221; font_size=&#8221;35px&#8221;]Case History[\/boc_heading][boc_divider divider_color=&#8221;#ff7800&#8243;][boc_portfolio_carousel items_visible=&#8221;4&#8243; arrows_position=&#8221;side&#8221; category_name=&#8221;out-of-home&#8221; display_style=&#8221;4&#8243; limit=&#8221;20&#8243;][\/vc_column][\/vc_row][vc_row full_width=&#8221;stretch_row_content_no_spaces&#8221; content_placement=&#8221;middle&#8221; el_class=&#8221;universitybox immagini cinque_box&#8221; css=&#8221;.vc_custom_1498743932634{margin-top: 80px !important;}&#8221;][vc_column width=&#8221;1\/12&#8243; el_class=&#8221;vuota&#8221;][\/vc_column][vc_column css_animation=&#8221;appear&#8221; width=&#8221;2\/12&#8243; el_class=&#8221;out-of-home&#8221;][boc_heading html_element=&#8221;h3&#8243; alignment=&#8221;center&#8221; color=&#8221;#ffffff&#8221; margin_bottom=&#8221;0px&#8221; font_size=&#8221;25px&#8221;]Out Of Home[\/boc_heading][vc_single_image alignment=&#8221;center&#8221; onclick=&#8221;custom_link&#8221; image=&#8221;129&#8243; link=&#8221;https:\/\/corporate.universitybox.com\/our-expertise\/i-nostri-mezzi\/out-of-home\/&#8221;][\/vc_column][vc_column css_animation=&#8221;appear&#8221; width=&#8221;2\/12&#8243; el_class=&#8221;experience&#8221;][boc_heading html_element=&#8221;h3&#8243; alignment=&#8221;center&#8221; color=&#8221;#333333&#8243; margin_bottom=&#8221;0px&#8221; font_size=&#8221;25px&#8221;]Experience[\/boc_heading][vc_single_image alignment=&#8221;center&#8221; onclick=&#8221;custom_link&#8221; image=&#8221;526&#8243; link=&#8221;https:\/\/corporate.universitybox.com\/our-expertise\/i-nostri-mezzi\/experience\/&#8221; el_class=&#8221;prima&#8221;][vc_single_image alignment=&#8221;center&#8221; onclick=&#8221;custom_link&#8221; image=&#8221;142&#8243; link=&#8221;https:\/\/corporate.universitybox.com\/our-expertise\/i-nostri-mezzi\/experience\/&#8221; el_class=&#8221;seconda&#8221;][\/vc_column][vc_column css_animation=&#8221;appear&#8221; width=&#8221;2\/12&#8243; el_class=&#8221;utour&#8221;][boc_heading html_element=&#8221;h3&#8243; alignment=&#8221;center&#8221; color=&#8221;#333333&#8243; margin_bottom=&#8221;0px&#8221; font_size=&#8221;25px&#8221;]Universitybox tour[\/boc_heading][vc_single_image alignment=&#8221;center&#8221; onclick=&#8221;custom_link&#8221; image=&#8221;707&#8243; link=&#8221;https:\/\/corporate.universitybox.com\/our-expertise\/i-nostri-mezzi\/universitybox-tour\/&#8221; el_class=&#8221;prima&#8221;][vc_single_image alignment=&#8221;center&#8221; onclick=&#8221;custom_link&#8221; image=&#8221;145&#8243; link=&#8221;https:\/\/corporate.universitybox.com\/our-expertise\/i-nostri-mezzi\/universitybox-tour\/&#8221; el_class=&#8221;seconda&#8221;][\/vc_column][vc_column width=&#8221;1\/12&#8243; el_class=&#8221;utour student_ambassador&#8221;][boc_heading html_element=&#8221;h3&#8243; alignment=&#8221;center&#8221; color=&#8221;#333333&#8243; margin_bottom=&#8221;0px&#8221; font_size=&#8221;25px&#8221;]Student Ambassador[\/boc_heading][vc_single_image alignment=&#8221;center&#8221; onclick=&#8221;custom_link&#8221; image=&#8221;2184&#8243; link=&#8221;https:\/\/corporate.universitybox.com\/our-expertise\/i-nostri-mezzi\/student-ambassador\/&#8221; el_class=&#8221;prima&#8221;][vc_single_image alignment=&#8221;center&#8221; onclick=&#8221;custom_link&#8221; image=&#8221;2187&#8243; link=&#8221;https:\/\/corporate.universitybox.com\/our-expertise\/i-nostri-mezzi\/student-ambassador\/&#8221; el_class=&#8221;seconda&#8221;][\/vc_column][vc_column css_animation=&#8221;appear&#8221; width=&#8221;2\/12&#8243; el_class=&#8221;digital&#8221;][boc_heading html_element=&#8221;h3&#8243; alignment=&#8221;center&#8221; color=&#8221;#333333&#8243; margin_bottom=&#8221;0px&#8221; font_size=&#8221;25px&#8221;]Digital[\/boc_heading][vc_single_image alignment=&#8221;center&#8221; onclick=&#8221;custom_link&#8221; image=&#8221;527&#8243; link=&#8221;https:\/\/corporate.universitybox.com\/our-expertise\/i-nostri-mezzi\/digital\/&#8221; el_class=&#8221;prima&#8221;][vc_single_image alignment=&#8221;center&#8221; onclick=&#8221;custom_link&#8221; image=&#8221;147&#8243; link=&#8221;https:\/\/corporate.universitybox.com\/our-expertise\/i-nostri-mezzi\/digital\/&#8221; el_class=&#8221;seconda&#8221;][\/vc_column][vc_column width=&#8221;1\/12&#8243; el_class=&#8221;vuota&#8221;][\/vc_column][\/vc_row][vc_row full_width=&#8221;stretch_row&#8221; content_placement=&#8221;middle&#8221; el_class=&#8221;contatti arancione&#8221; css=&#8221;.vc_custom_1498648368479{margin-top: 80px !important;}&#8221;][vc_column][boc_heading alignment=&#8221;center&#8221; color=&#8221;&#8221;]CONTACT US[\/boc_heading][contact-form-7 id=&#8221;600&#8243;][\/vc_column][\/vc_row]<\/p>\n","protected":false},"excerpt":{"rendered":"<p>[vc_row full_width=&#8221;stretch_row_content_no_spaces&#8221; content_placement=&#8221;middle&#8221; parallax_content=&#8221;off&#8221; fadeout_row=&#8221;off&#8221; enable_overlay=&#8221;off&#8221; seperator_enable=&#8221;off&#8221; ult_hide_row=&#8221;off&#8221; el_class=&#8221;home-prima-riga&#8221;][vc_column][rev_slider_vc alias=&#8221;ooh&#8221;][\/vc_column][\/vc_row][vc_row full_width=&#8221;stretch_row&#8221; bg_type=&#8221;image&#8221; bg_image_new=&#8221;63&#8243; bg_image_repeat=&#8221;no-repeat&#8221; el_class=&#8221;universitybox-titolo&#8221;][vc_column][boc_heading alignment=&#8221;center&#8221; color=&#8221;#333333&#8243; margin_bottom=&#8221;0px&#8221; font_size=&#8221;35px&#8221;]Out Of Home[\/boc_heading][boc_divider divider_color=&#8221;#ff7800&#8243; margin_top=&#8221;30px&#8221; margin_bottom=&#8221;25px&#8221;][vc_raw_js]JTNDc2NyaXB0JTIwdHlwZSUzRCUyMnRleHQlMkZqYXZhc2NyaXB0JTIyJTNFJTBBalF1ZXJ5JTI4ZG9jdW1lbnQlMjkucmVhZHklMjhmdW5jdGlvbiUyOCUyOSU3QiUwQWpRdWVyeSUyOCUyMi51bml2ZXJzaXR5Ym94LXRlc3RvJTIyJTI5Lmluc2VydEFmdGVyJTI4JTIyLnVuaXZlcnNpdHlib3gtdGl0b2xvJTIwLmJvY19kaXZpZGVyX2hvbGRlciUyMiUyOSUzQiUwQWpRdWVyeSUyOCUyMi5yaWdhLWNvdW50ZXIlMjIlMjkuaW5zZXJ0QWZ0ZXIlMjglMjIudW5pdmVyc2l0eWJveC10ZXN0byUyMiUyOSUzQiUwQSU3RCUyOSUzQiUwQSUzQyUyRnNjcmlwdCUzRQ==[\/vc_raw_js][\/vc_column][\/vc_row][vc_row el_class=&#8221;universitybox-testo&#8221;][vc_column css=&#8221;.vc_custom_1499075606710{padding-right: 150px !important;padding-left: 150px !important;}&#8221;][vc_column_text] La prima Out Of Home\u00a0\u201cindoor\u201d all\u2019interno del mondo universitario. I nostri mezzi, suddivisi per ambienti, permettono di ultraprofilare il target anche per percorso di studi [&hellip;]<\/p>\n","protected":false},"author":1,"featured_media":0,"parent":217,"menu_order":0,"comment_status":"closed","ping_status":"closed","template":"","meta":{"_acf_changed":false,"footnotes":""},"class_list":["post-219","page","type-page","status-publish","hentry"],"blocksy_meta":{"styles_descriptor":{"styles":{"desktop":"","tablet":"","mobile":""},"google_fonts":[]}},"acf":[],"yoast_head":"<!-- This site is optimized with the Yoast SEO plugin v27.5 - https:\/\/yoast.com\/product\/yoast-seo-wordpress\/ -->\n<title>Out of home - UniversityBox Agency<\/title>\n<meta name=\"robots\" content=\"index, follow, max-snippet:-1, max-image-preview:large, max-video-preview:-1\" \/>\n<link rel=\"canonical\" href=\"https:\/\/corporate.universitybox.com\/en\/our-expertise\/i-nostri-mezzi\/out-of-home\/\" \/>\n<meta property=\"og:locale\" content=\"en_GB\" \/>\n<meta property=\"og:type\" content=\"article\" \/>\n<meta property=\"og:title\" content=\"Out of home - UniversityBox Agency\" \/>\n<meta property=\"og:description\" content=\"[vc_row full_width=&#8221;stretch_row_content_no_spaces&#8221; content_placement=&#8221;middle&#8221; parallax_content=&#8221;off&#8221; fadeout_row=&#8221;off&#8221; enable_overlay=&#8221;off&#8221; seperator_enable=&#8221;off&#8221; ult_hide_row=&#8221;off&#8221; el_class=&#8221;home-prima-riga&#8221;][vc_column][rev_slider_vc alias=&#8221;ooh&#8221;][\/vc_column][\/vc_row][vc_row full_width=&#8221;stretch_row&#8221; bg_type=&#8221;image&#8221; bg_image_new=&#8221;63&#8243; bg_image_repeat=&#8221;no-repeat&#8221; el_class=&#8221;universitybox-titolo&#8221;][vc_column][boc_heading alignment=&#8221;center&#8221; color=&#8221;#333333&#8243; margin_bottom=&#8221;0px&#8221; font_size=&#8221;35px&#8221;]Out Of Home[\/boc_heading][boc_divider divider_color=&#8221;#ff7800&#8243; margin_top=&#8221;30px&#8221; margin_bottom=&#8221;25px&#8221;][vc_raw_js]JTNDc2NyaXB0JTIwdHlwZSUzRCUyMnRleHQlMkZqYXZhc2NyaXB0JTIyJTNFJTBBalF1ZXJ5JTI4ZG9jdW1lbnQlMjkucmVhZHklMjhmdW5jdGlvbiUyOCUyOSU3QiUwQWpRdWVyeSUyOCUyMi51bml2ZXJzaXR5Ym94LXRlc3RvJTIyJTI5Lmluc2VydEFmdGVyJTI4JTIyLnVuaXZlcnNpdHlib3gtdGl0b2xvJTIwLmJvY19kaXZpZGVyX2hvbGRlciUyMiUyOSUzQiUwQWpRdWVyeSUyOCUyMi5yaWdhLWNvdW50ZXIlMjIlMjkuaW5zZXJ0QWZ0ZXIlMjglMjIudW5pdmVyc2l0eWJveC10ZXN0byUyMiUyOSUzQiUwQSU3RCUyOSUzQiUwQSUzQyUyRnNjcmlwdCUzRQ==[\/vc_raw_js][\/vc_column][\/vc_row][vc_row el_class=&#8221;universitybox-testo&#8221;][vc_column css=&#8221;.vc_custom_1499075606710{padding-right: 150px !important;padding-left: 150px !important;}&#8221;][vc_column_text] La prima Out Of Home\u00a0\u201cindoor\u201d all\u2019interno del mondo universitario. I nostri mezzi, suddivisi per ambienti, permettono di ultraprofilare il target anche per percorso di studi [&hellip;]\" \/>\n<meta property=\"og:url\" content=\"https:\/\/corporate.universitybox.com\/en\/our-expertise\/i-nostri-mezzi\/out-of-home\/\" \/>\n<meta property=\"og:site_name\" content=\"UniversityBox Agency\" \/>\n<meta property=\"article:publisher\" content=\"https:\/\/www.facebook.com\/universitybox\/\" \/>\n<meta property=\"article:modified_time\" content=\"2017-07-04T10:03:22+00:00\" \/>\n<meta name=\"twitter:card\" content=\"summary_large_image\" \/>\n<meta name=\"twitter:label1\" content=\"Estimated reading time\" \/>\n\t<meta name=\"twitter:data1\" content=\"6 minutes\" \/>\n<script type=\"application\/ld+json\" class=\"yoast-schema-graph\">{\"@context\":\"https:\\\/\\\/schema.org\",\"@graph\":[{\"@type\":\"WebPage\",\"@id\":\"https:\\\/\\\/corporate.universitybox.com\\\/our-expertise\\\/i-nostri-mezzi\\\/out-of-home\\\/\",\"url\":\"https:\\\/\\\/corporate.universitybox.com\\\/our-expertise\\\/i-nostri-mezzi\\\/out-of-home\\\/\",\"name\":\"Out of home - UniversityBox Agency\",\"isPartOf\":{\"@id\":\"https:\\\/\\\/corporate.universitybox.com\\\/#website\"},\"datePublished\":\"2017-03-23T11:20:19+00:00\",\"dateModified\":\"2017-07-04T10:03:22+00:00\",\"breadcrumb\":{\"@id\":\"https:\\\/\\\/corporate.universitybox.com\\\/our-expertise\\\/i-nostri-mezzi\\\/out-of-home\\\/#breadcrumb\"},\"inLanguage\":\"en-GB\",\"potentialAction\":[{\"@type\":\"ReadAction\",\"target\":[\"https:\\\/\\\/corporate.universitybox.com\\\/our-expertise\\\/i-nostri-mezzi\\\/out-of-home\\\/\"]}]},{\"@type\":\"BreadcrumbList\",\"@id\":\"https:\\\/\\\/corporate.universitybox.com\\\/our-expertise\\\/i-nostri-mezzi\\\/out-of-home\\\/#breadcrumb\",\"itemListElement\":[{\"@type\":\"ListItem\",\"position\":1,\"name\":\"Home\",\"item\":\"https:\\\/\\\/corporate.universitybox.com\\\/\"},{\"@type\":\"ListItem\",\"position\":2,\"name\":\"Our expertise\",\"item\":\"https:\\\/\\\/corporate.universitybox.com\\\/our-expertise\\\/\"},{\"@type\":\"ListItem\",\"position\":3,\"name\":\"I nostri mezzi\",\"item\":\"https:\\\/\\\/corporate.universitybox.com\\\/our-expertise\\\/i-nostri-mezzi\\\/\"},{\"@type\":\"ListItem\",\"position\":4,\"name\":\"Out of home\"}]},{\"@type\":\"WebSite\",\"@id\":\"https:\\\/\\\/corporate.universitybox.com\\\/#website\",\"url\":\"https:\\\/\\\/corporate.universitybox.com\\\/\",\"name\":\"UniversityBox Agency\",\"description\":\"Dal 2001, l\u2019agenzia di comunicazione strategica focalizzata sui \u00abMillenials e Gen-Z\u00bb\",\"publisher\":{\"@id\":\"https:\\\/\\\/corporate.universitybox.com\\\/#organization\"},\"potentialAction\":[{\"@type\":\"SearchAction\",\"target\":{\"@type\":\"EntryPoint\",\"urlTemplate\":\"https:\\\/\\\/corporate.universitybox.com\\\/?s={search_term_string}\"},\"query-input\":{\"@type\":\"PropertyValueSpecification\",\"valueRequired\":true,\"valueName\":\"search_term_string\"}}],\"inLanguage\":\"en-GB\"},{\"@type\":\"Organization\",\"@id\":\"https:\\\/\\\/corporate.universitybox.com\\\/#organization\",\"name\":\"UniversityBox Agency\",\"url\":\"https:\\\/\\\/corporate.universitybox.com\\\/\",\"logo\":{\"@type\":\"ImageObject\",\"inLanguage\":\"en-GB\",\"@id\":\"https:\\\/\\\/corporate.universitybox.com\\\/#\\\/schema\\\/logo\\\/image\\\/\",\"url\":\"https:\\\/\\\/corporate.universitybox.com\\\/wp-content\\\/uploads\\\/2021\\\/06\\\/UBOX_logo.svg\",\"contentUrl\":\"https:\\\/\\\/corporate.universitybox.com\\\/wp-content\\\/uploads\\\/2021\\\/06\\\/UBOX_logo.svg\",\"width\":151,\"height\":152,\"caption\":\"UniversityBox Agency\"},\"image\":{\"@id\":\"https:\\\/\\\/corporate.universitybox.com\\\/#\\\/schema\\\/logo\\\/image\\\/\"},\"sameAs\":[\"https:\\\/\\\/www.facebook.com\\\/universitybox\\\/\",\"https:\\\/\\\/it.linkedin.com\\\/company\\\/universityboxagency\",\"https:\\\/\\\/www.instagram.com\\\/universitybox\\\/?hl=it\",\"https:\\\/\\\/www.youtube.com\\\/channel\\\/UCa0NTviwzc4_jb8lG6svufw\"]}]}<\/script>\n<!-- \/ Yoast SEO plugin. -->","yoast_head_json":{"title":"Out of home - UniversityBox Agency","robots":{"index":"index","follow":"follow","max-snippet":"max-snippet:-1","max-image-preview":"max-image-preview:large","max-video-preview":"max-video-preview:-1"},"canonical":"https:\/\/corporate.universitybox.com\/en\/our-expertise\/i-nostri-mezzi\/out-of-home\/","og_locale":"en_GB","og_type":"article","og_title":"Out of home - UniversityBox Agency","og_description":"[vc_row full_width=&#8221;stretch_row_content_no_spaces&#8221; content_placement=&#8221;middle&#8221; parallax_content=&#8221;off&#8221; fadeout_row=&#8221;off&#8221; enable_overlay=&#8221;off&#8221; seperator_enable=&#8221;off&#8221; ult_hide_row=&#8221;off&#8221; el_class=&#8221;home-prima-riga&#8221;][vc_column][rev_slider_vc alias=&#8221;ooh&#8221;][\/vc_column][\/vc_row][vc_row full_width=&#8221;stretch_row&#8221; bg_type=&#8221;image&#8221; bg_image_new=&#8221;63&#8243; bg_image_repeat=&#8221;no-repeat&#8221; el_class=&#8221;universitybox-titolo&#8221;][vc_column][boc_heading alignment=&#8221;center&#8221; color=&#8221;#333333&#8243; margin_bottom=&#8221;0px&#8221; font_size=&#8221;35px&#8221;]Out Of Home[\/boc_heading][boc_divider divider_color=&#8221;#ff7800&#8243; margin_top=&#8221;30px&#8221; margin_bottom=&#8221;25px&#8221;][vc_raw_js]JTNDc2NyaXB0JTIwdHlwZSUzRCUyMnRleHQlMkZqYXZhc2NyaXB0JTIyJTNFJTBBalF1ZXJ5JTI4ZG9jdW1lbnQlMjkucmVhZHklMjhmdW5jdGlvbiUyOCUyOSU3QiUwQWpRdWVyeSUyOCUyMi51bml2ZXJzaXR5Ym94LXRlc3RvJTIyJTI5Lmluc2VydEFmdGVyJTI4JTIyLnVuaXZlcnNpdHlib3gtdGl0b2xvJTIwLmJvY19kaXZpZGVyX2hvbGRlciUyMiUyOSUzQiUwQWpRdWVyeSUyOCUyMi5yaWdhLWNvdW50ZXIlMjIlMjkuaW5zZXJ0QWZ0ZXIlMjglMjIudW5pdmVyc2l0eWJveC10ZXN0byUyMiUyOSUzQiUwQSU3RCUyOSUzQiUwQSUzQyUyRnNjcmlwdCUzRQ==[\/vc_raw_js][\/vc_column][\/vc_row][vc_row el_class=&#8221;universitybox-testo&#8221;][vc_column css=&#8221;.vc_custom_1499075606710{padding-right: 150px !important;padding-left: 150px !important;}&#8221;][vc_column_text] La prima Out Of Home\u00a0\u201cindoor\u201d all\u2019interno del mondo universitario. I nostri mezzi, suddivisi per ambienti, permettono di ultraprofilare il target anche per percorso di studi [&hellip;]","og_url":"https:\/\/corporate.universitybox.com\/en\/our-expertise\/i-nostri-mezzi\/out-of-home\/","og_site_name":"UniversityBox Agency","article_publisher":"https:\/\/www.facebook.com\/universitybox\/","article_modified_time":"2017-07-04T10:03:22+00:00","twitter_card":"summary_large_image","twitter_misc":{"Estimated reading time":"6 minutes"},"schema":{"@context":"https:\/\/schema.org","@graph":[{"@type":"WebPage","@id":"https:\/\/corporate.universitybox.com\/our-expertise\/i-nostri-mezzi\/out-of-home\/","url":"https:\/\/corporate.universitybox.com\/our-expertise\/i-nostri-mezzi\/out-of-home\/","name":"Out of home - UniversityBox Agency","isPartOf":{"@id":"https:\/\/corporate.universitybox.com\/#website"},"datePublished":"2017-03-23T11:20:19+00:00","dateModified":"2017-07-04T10:03:22+00:00","breadcrumb":{"@id":"https:\/\/corporate.universitybox.com\/our-expertise\/i-nostri-mezzi\/out-of-home\/#breadcrumb"},"inLanguage":"en-GB","potentialAction":[{"@type":"ReadAction","target":["https:\/\/corporate.universitybox.com\/our-expertise\/i-nostri-mezzi\/out-of-home\/"]}]},{"@type":"BreadcrumbList","@id":"https:\/\/corporate.universitybox.com\/our-expertise\/i-nostri-mezzi\/out-of-home\/#breadcrumb","itemListElement":[{"@type":"ListItem","position":1,"name":"Home","item":"https:\/\/corporate.universitybox.com\/"},{"@type":"ListItem","position":2,"name":"Our expertise","item":"https:\/\/corporate.universitybox.com\/our-expertise\/"},{"@type":"ListItem","position":3,"name":"I nostri mezzi","item":"https:\/\/corporate.universitybox.com\/our-expertise\/i-nostri-mezzi\/"},{"@type":"ListItem","position":4,"name":"Out of home"}]},{"@type":"WebSite","@id":"https:\/\/corporate.universitybox.com\/#website","url":"https:\/\/corporate.universitybox.com\/","name":"University Box Agency","description":"Since 2001, the strategic communications agency focused on &quot;Millennials and Gen-Z&quot;","publisher":{"@id":"https:\/\/corporate.universitybox.com\/#organization"},"potentialAction":[{"@type":"SearchAction","target":{"@type":"EntryPoint","urlTemplate":"https:\/\/corporate.universitybox.com\/?s={search_term_string}"},"query-input":{"@type":"PropertyValueSpecification","valueRequired":true,"valueName":"search_term_string"}}],"inLanguage":"en-GB"},{"@type":"Organization","@id":"https:\/\/corporate.universitybox.com\/#organization","name":"University Box Agency","url":"https:\/\/corporate.universitybox.com\/","logo":{"@type":"ImageObject","inLanguage":"en-GB","@id":"https:\/\/corporate.universitybox.com\/#\/schema\/logo\/image\/","url":"https:\/\/corporate.universitybox.com\/wp-content\/uploads\/2021\/06\/UBOX_logo.svg","contentUrl":"https:\/\/corporate.universitybox.com\/wp-content\/uploads\/2021\/06\/UBOX_logo.svg","width":151,"height":152,"caption":"UniversityBox Agency"},"image":{"@id":"https:\/\/corporate.universitybox.com\/#\/schema\/logo\/image\/"},"sameAs":["https:\/\/www.facebook.com\/universitybox\/","https:\/\/it.linkedin.com\/company\/universityboxagency","https:\/\/www.instagram.com\/universitybox\/?hl=it","https:\/\/www.youtube.com\/channel\/UCa0NTviwzc4_jb8lG6svufw"]}]}},"_links":{"self":[{"href":"https:\/\/corporate.universitybox.com\/en\/wp-json\/wp\/v2\/pages\/219","targetHints":{"allow":["GET"]}}],"collection":[{"href":"https:\/\/corporate.universitybox.com\/en\/wp-json\/wp\/v2\/pages"}],"about":[{"href":"https:\/\/corporate.universitybox.com\/en\/wp-json\/wp\/v2\/types\/page"}],"author":[{"embeddable":true,"href":"https:\/\/corporate.universitybox.com\/en\/wp-json\/wp\/v2\/users\/1"}],"replies":[{"embeddable":true,"href":"https:\/\/corporate.universitybox.com\/en\/wp-json\/wp\/v2\/comments?post=219"}],"version-history":[{"count":5,"href":"https:\/\/corporate.universitybox.com\/en\/wp-json\/wp\/v2\/pages\/219\/revisions"}],"predecessor-version":[{"id":2405,"href":"https:\/\/corporate.universitybox.com\/en\/wp-json\/wp\/v2\/pages\/219\/revisions\/2405"}],"up":[{"embeddable":true,"href":"https:\/\/corporate.universitybox.com\/en\/wp-json\/wp\/v2\/pages\/217"}],"wp:attachment":[{"href":"https:\/\/corporate.universitybox.com\/en\/wp-json\/wp\/v2\/media?parent=219"}],"curies":[{"name":"wp","href":"https:\/\/api.w.org\/{rel}","templated":true}]}}